{"id":78,"date":"2018-01-24T16:52:47","date_gmt":"2018-01-24T15:52:47","guid":{"rendered":"http:\/\/www.avocat-serrano.fr\/beta\/?page_id=78"},"modified":"2018-01-24T16:52:47","modified_gmt":"2018-01-24T15:52:47","slug":"honoraires","status":"publish","type":"page","link":"https:\/\/www.avocat-serrano.fr\/index.php\/honoraires\/","title":{"rendered":"Honoraires"},"content":{"rendered":"<h1>Forfait Proc\u00e9dure Prud&rsquo;homale Salari\u00e9<\/h1>\n<p>Vous avez d\u00e9cid\u00e9 de me consulter. Lors de la consultation on \u00e9valuera ensemble la situation, vos pi\u00e8ces et les chances d&rsquo;obtenir gain de cause.<\/p>\n<p>Si ensuite vous d\u00e9cidez d&rsquo;entamer une proc\u00e9dure, et pour un maximum de transparence, je vous soumettrai une convention d&rsquo;honoraires, dans laquelle il sera fait une description de mes services et les honoraires qui me seront dus, consistant en une partie fixe forfaitaire plus un pourcentage\u00a0sur r\u00e9sultat, soit un pourcentage du total des sommes attribu\u00e9es, que ce soit suite au jugement ou suite \u00e0 une transaction conclue \u00e0 n&rsquo;importe quel moment de la proc\u00e9dure.<\/p>\n<p>Ce forfait couvre toute la proc\u00e9dure jusqu&rsquo;au bureau de jugement devant le Conseil de Prud&rsquo;hommes. En cas d&rsquo;appel, une nouvelle convention sera propos\u00e9e pour couvrir la charge de travail compl\u00e9mentaire ainsi que l&rsquo;audience devant la cour d&rsquo;appel.<\/p>\n<p>&nbsp;<\/p>\n<h1>Autres proc\u00e9dures, CE, etc.<\/h1>\n<p>Sur demande.<\/p>\n<p>&nbsp;<\/p>\n<h1>Protection juridique Assurance Habitation: Pensez-y!<\/h1>\n<p>Souvent les contrats d&rsquo;assurance multirisque habitation couvrent vos frais de protection juridique, c&rsquo;est alors l&rsquo;assurance qui r\u00e8gle la facture de votre avocat.<\/p>\n<p>Pour en savoir plus:\u00a0<a href=\"http:\/\/vosdroits.service-public.fr\/particuliers\/F3049.xhtml\">Garantie protection juridique<\/a><\/p>\n","protected":false},"excerpt":{"rendered":"<p>Forfait Proc\u00e9dure Prud&rsquo;homale Salari\u00e9 Vous avez d\u00e9cid\u00e9 de me consulter. Lors de la consultation on \u00e9valuera ensemble la situation, vos pi\u00e8ces et les chances d&rsquo;obtenir gain de cause. Si ensuite vous d\u00e9cidez d&rsquo;entamer une proc\u00e9dure, et pour un maximum de transparence, je vous soumettrai une convention d&rsquo;honoraires, dans laquelle il sera fait une description de [&hellip;]<\/p>\n","protected":false},"author":1,"featured_media":0,"parent":0,"menu_order":0,"comment_status":"closed","ping_status":"closed","template":"","meta":[],"yoast_head":"<!-- This site is optimized with the Yoast SEO plugin v20.3 - https:\/\/yoast.com\/wordpress\/plugins\/seo\/ -->\n<title>Honoraires - Ma\u00eetre SERRANO, Avocat en Droit du Travail<\/title>\n<meta name=\"robots\" content=\"index, follow, max-snippet:-1, max-image-preview:large, max-video-preview:-1\" \/>\n<link rel=\"canonical\" href=\"https:\/\/www.avocat-serrano.fr\/index.php\/honoraires\/\" \/>\n<meta property=\"og:locale\" content=\"fr_FR\" \/>\n<meta property=\"og:type\" content=\"article\" \/>\n<meta property=\"og:title\" content=\"Honoraires - Ma\u00eetre SERRANO, Avocat en Droit du Travail\" \/>\n<meta property=\"og:description\" content=\"Forfait Proc\u00e9dure Prud&rsquo;homale Salari\u00e9 Vous avez d\u00e9cid\u00e9 de me consulter. Lors de la consultation on \u00e9valuera ensemble la situation, vos pi\u00e8ces et les chances d&rsquo;obtenir gain de cause. Si ensuite vous d\u00e9cidez d&rsquo;entamer une proc\u00e9dure, et pour un maximum de transparence, je vous soumettrai une convention d&rsquo;honoraires, dans laquelle il sera fait une description de [&hellip;]\" \/>\n<meta property=\"og:url\" content=\"https:\/\/www.avocat-serrano.fr\/index.php\/honoraires\/\" \/>\n<meta property=\"og:site_name\" content=\"Ma\u00eetre SERRANO, Avocat en Droit du Travail\" \/>\n<meta name=\"twitter:card\" content=\"summary_large_image\" \/>\n<meta name=\"twitter:label1\" content=\"Dur\u00e9e de lecture estim\u00e9e\" \/>\n\t<meta name=\"twitter:data1\" content=\"1 minute\" \/>\n<script type=\"application\/ld+json\" class=\"yoast-schema-graph\">{\"@context\":\"https:\/\/schema.org\",\"@graph\":[{\"@type\":\"WebPage\",\"@id\":\"https:\/\/www.avocat-serrano.fr\/index.php\/honoraires\/\",\"url\":\"https:\/\/www.avocat-serrano.fr\/index.php\/honoraires\/\",\"name\":\"Honoraires - Ma\u00eetre SERRANO, Avocat en Droit du Travail\",\"isPartOf\":{\"@id\":\"http:\/\/www.avocat-serrano.fr\/#website\"},\"datePublished\":\"2018-01-24T15:52:47+00:00\",\"dateModified\":\"2018-01-24T15:52:47+00:00\",\"breadcrumb\":{\"@id\":\"https:\/\/www.avocat-serrano.fr\/index.php\/honoraires\/#breadcrumb\"},\"inLanguage\":\"fr-FR\",\"potentialAction\":[{\"@type\":\"ReadAction\",\"target\":[\"https:\/\/www.avocat-serrano.fr\/index.php\/honoraires\/\"]}]},{\"@type\":\"BreadcrumbList\",\"@id\":\"https:\/\/www.avocat-serrano.fr\/index.php\/honoraires\/#breadcrumb\",\"itemListElement\":[{\"@type\":\"ListItem\",\"position\":1,\"name\":\"Accueil\",\"item\":\"http:\/\/www.avocat-serrano.fr\/\"},{\"@type\":\"ListItem\",\"position\":2,\"name\":\"Honoraires\"}]},{\"@type\":\"WebSite\",\"@id\":\"http:\/\/www.avocat-serrano.fr\/#website\",\"url\":\"http:\/\/www.avocat-serrano.fr\/\",\"name\":\"Ma\u00eetre SERRANO, Avocat en Droit du Travail\",\"description\":\"\",\"potentialAction\":[{\"@type\":\"SearchAction\",\"target\":{\"@type\":\"EntryPoint\",\"urlTemplate\":\"http:\/\/www.avocat-serrano.fr\/?s={search_term_string}\"},\"query-input\":\"required name=search_term_string\"}],\"inLanguage\":\"fr-FR\"}]}<\/script>\n<!-- \/ Yoast SEO plugin. -->","yoast_head_json":{"title":"Honoraires - Ma\u00eetre SERRANO, Avocat en Droit du Travail","robots":{"index":"index","follow":"follow","max-snippet":"max-snippet:-1","max-image-preview":"max-image-preview:large","max-video-preview":"max-video-preview:-1"},"canonical":"https:\/\/www.avocat-serrano.fr\/index.php\/honoraires\/","og_locale":"fr_FR","og_type":"article","og_title":"Honoraires - Ma\u00eetre SERRANO, Avocat en Droit du Travail","og_description":"Forfait Proc\u00e9dure Prud&rsquo;homale Salari\u00e9 Vous avez d\u00e9cid\u00e9 de me consulter. Lors de la consultation on \u00e9valuera ensemble la situation, vos pi\u00e8ces et les chances d&rsquo;obtenir gain de cause. Si ensuite vous d\u00e9cidez d&rsquo;entamer une proc\u00e9dure, et pour un maximum de transparence, je vous soumettrai une convention d&rsquo;honoraires, dans laquelle il sera fait une description de [&hellip;]","og_url":"https:\/\/www.avocat-serrano.fr\/index.php\/honoraires\/","og_site_name":"Ma\u00eetre SERRANO, Avocat en Droit du Travail","twitter_card":"summary_large_image","twitter_misc":{"Dur\u00e9e de lecture estim\u00e9e":"1 minute"},"schema":{"@context":"https:\/\/schema.org","@graph":[{"@type":"WebPage","@id":"https:\/\/www.avocat-serrano.fr\/index.php\/honoraires\/","url":"https:\/\/www.avocat-serrano.fr\/index.php\/honoraires\/","name":"Honoraires - Ma\u00eetre SERRANO, Avocat en Droit du Travail","isPartOf":{"@id":"http:\/\/www.avocat-serrano.fr\/#website"},"datePublished":"2018-01-24T15:52:47+00:00","dateModified":"2018-01-24T15:52:47+00:00","breadcrumb":{"@id":"https:\/\/www.avocat-serrano.fr\/index.php\/honoraires\/#breadcrumb"},"inLanguage":"fr-FR","potentialAction":[{"@type":"ReadAction","target":["https:\/\/www.avocat-serrano.fr\/index.php\/honoraires\/"]}]},{"@type":"BreadcrumbList","@id":"https:\/\/www.avocat-serrano.fr\/index.php\/honoraires\/#breadcrumb","itemListElement":[{"@type":"ListItem","position":1,"name":"Accueil","item":"http:\/\/www.avocat-serrano.fr\/"},{"@type":"ListItem","position":2,"name":"Honoraires"}]},{"@type":"WebSite","@id":"http:\/\/www.avocat-serrano.fr\/#website","url":"http:\/\/www.avocat-serrano.fr\/","name":"Ma\u00eetre SERRANO, Avocat en Droit du Travail","description":"","potentialAction":[{"@type":"SearchAction","target":{"@type":"EntryPoint","urlTemplate":"http:\/\/www.avocat-serrano.fr\/?s={search_term_string}"},"query-input":"required name=search_term_string"}],"inLanguage":"fr-FR"}]}},"_links":{"self":[{"href":"https:\/\/www.avocat-serrano.fr\/index.php\/wp-json\/wp\/v2\/pages\/78"}],"collection":[{"href":"https:\/\/www.avocat-serrano.fr\/index.php\/wp-json\/wp\/v2\/pages"}],"about":[{"href":"https:\/\/www.avocat-serrano.fr\/index.php\/wp-json\/wp\/v2\/types\/page"}],"author":[{"embeddable":true,"href":"https:\/\/www.avocat-serrano.fr\/index.php\/wp-json\/wp\/v2\/users\/1"}],"replies":[{"embeddable":true,"href":"https:\/\/www.avocat-serrano.fr\/index.php\/wp-json\/wp\/v2\/comments?post=78"}],"version-history":[{"count":1,"href":"https:\/\/www.avocat-serrano.fr\/index.php\/wp-json\/wp\/v2\/pages\/78\/revisions"}],"predecessor-version":[{"id":80,"href":"https:\/\/www.avocat-serrano.fr\/index.php\/wp-json\/wp\/v2\/pages\/78\/revisions\/80"}],"wp:attachment":[{"href":"https:\/\/www.avocat-serrano.fr\/index.php\/wp-json\/wp\/v2\/media?parent=78"}],"curies":[{"name":"wp","href":"https:\/\/api.w.org\/{rel}","templated":true}]}}