{"id":72,"date":"2018-01-24T16:51:55","date_gmt":"2018-01-24T15:51:55","guid":{"rendered":"http:\/\/www.avocat-serrano.fr\/beta\/?page_id=72"},"modified":"2022-02-07T11:43:54","modified_gmt":"2022-02-07T10:43:54","slug":"conseil-de-prudhommes-deroulement-dune-affaire","status":"publish","type":"page","link":"https:\/\/www.avocat-serrano.fr\/index.php\/conseil-de-prudhommes-deroulement-dune-affaire\/","title":{"rendered":"Conseil de prud&rsquo;hommes : d\u00e9roulement d&rsquo;une affaire"},"content":{"rendered":"<h1>Principe<\/h1>\n<p>Le conseil de prud&rsquo;hommes est charg\u00e9 de r\u00e9gler les conflits individuels entre employeurs et salari\u00e9s li\u00e9s au contrat de travail ou d&rsquo;apprentissage.<\/p>\n<p>Le conseil des prud&rsquo;hommes peut \u00eatre saisi \u00e0 tout moment tant que les d\u00e9lais de prescription ne sont pas \u00e9puis\u00e9s.<\/p>\n<p>La proc\u00e9dure d\u00e9bute par une proc\u00e9dure de conciliation, qui vise \u00e0 trouver un accord entre les parties. Si celle-ci ne d\u00e9bouche sur aucun accord, le proc\u00e8s intervient.<\/p>\n<p>L&rsquo;avocat n&rsquo;y est pas obligatoire.<\/p>\n<h1>Bureau de Conciliation et d&rsquo;Orientation<\/h1>\n<p>La proc\u00e9dure devant les prud&rsquo;hommes commence devant le bureau de conciliation et d&rsquo;orientation qui cherche \u00e0 trouver un accord entre les parties.<\/p>\n<p>Le d\u00e9lai de convocation d\u00e9pend du Conseil et de la p\u00e9riode, mais en g\u00e9n\u00e9ral cela\u00a0prend entre 3 semaines et deux mois.<\/p>\n<p>La proc\u00e9dure devant le Conseil de Prud&rsquo;hommes a \u00e9t\u00e9 modifi\u00e9e (D\u00e9cret du 20 mai 2016) et est devenue plus complexe. Aussi, bien que l&rsquo;avocat ne soit pas obligatoire, il est fortement recommand\u00e9 d&rsquo;y avoir recours d\u00e8s le d\u00e9but puisque la saisine du Conseil de prud&rsquo;hommes se fait d\u00e9sormais par voie de requ\u00eate.<\/p>\n<p>Cette requ\u00eate doit comporter, outre les mentions prescrites \u00e0 l&rsquo;article 58 su Code de proc\u00e9dure civile sous peine de nullit\u00e9,un expos\u00e9 sommaire des motifs de la demande accompagn\u00e9 des pi\u00e8ces justifiant la demande.<\/p>\n<p>Chaque partie peut se faire repr\u00e9senter en cas de motif l\u00e9gitime d&#8217;emp\u00eachement.<\/p>\n<p>Lorsque le demandeur ne se pr\u00e9sente pas, sans avoir justifi\u00e9 d&rsquo;un motif l\u00e9gitime d&#8217;emp\u00eachement, sa demande est d\u00e9clar\u00e9e caduque ; il peut la renouveler une fois.<\/p>\n<p>Lorsque le d\u00e9fendeur justifie d&rsquo;un motif l\u00e9gitime d&#8217;emp\u00eachement, il est convoqu\u00e9 \u00e0 une nouvelle s\u00e9ance.<\/p>\n<h3>Documents n\u00e9cessaires<\/h3>\n<p>Lorsqu&rsquo;il est convoqu\u00e9, le salari\u00e9 doit se munir de toutes les pi\u00e8ces en sa possession, susceptibles de lui permettre de justifier sa situation : contrat de travail, lettre d&#8217;embauche, bulletins de salaires, correspondances avec son employeur, certificat de travail, &#8230;<\/p>\n<h3>Audition des parties<\/h3>\n<p>Les parties sont entendues par le bureau qui essaie de les mettre d&rsquo;accord. Un proc\u00e8s-verbal est \u00e9tabli.<\/p>\n<p>Le bureau de conciliation peut ordonner, m\u00eame en l&rsquo;absence du d\u00e9fendeur :<\/p>\n<p>la d\u00e9livrance de documents obligatoires, par exemple : certificats de travail, bulletins de salaire, attestation destin\u00e9e \u00e0 P\u00f4le emploi &#8211; Ass\u00e9dic,<\/p>\n<p>le versement de provisions sur les sommes dues au salari\u00e9, dont : salaires, commissions, indemnit\u00e9s de cong\u00e9s pay\u00e9s, de pr\u00e9avis, de licenciement,<\/p>\n<p>le versement de certaines indemnit\u00e9s, dont : indemnit\u00e9s de fin de contrat, de fin de mission,<\/p>\n<p>toutes mesures d&rsquo;instruction ou visant \u00e0 la conservation de preuves.<\/p>\n<p>Ces d\u00e9cisions ne valent toutefois pas jugement et restent provisoires dans l&rsquo;attente du jugement.<\/p>\n<h3>Issue de la conciliation<\/h3>\n<p>La conciliation peut d\u00e9boucher :<\/p>\n<p>soit, sur un accord dont la teneur est pr\u00e9cis\u00e9e au proc\u00e8s-verbal : l&rsquo;affaire est alors close,<\/p>\n<p>soit, sur un accord partiel ou une absence d&rsquo;accord : l&rsquo;affaire est alors renvoy\u00e9e devant le bureau de jugement.<\/p>\n<h1>Proc\u00e8s devant le bureau de jugement<\/h1>\n<h3>Assistance et repr\u00e9sentation<\/h3>\n<p>Les parties doivent en principe se pr\u00e9senter personnellement. Cependant, elles peuvent se faire repr\u00e9senter.<\/p>\n<p>L&rsquo;assistance d&rsquo;un avocat n&rsquo;est pas obligatoire mais est possible. Le syst\u00e8me de l&rsquo;aide juridictionnelle peut s&rsquo;appliquer en mati\u00e8re prud&rsquo;homale.<\/p>\n<h3>Convocation<\/h3>\n<p>Les 2 parties sont convoqu\u00e9es par le greffe devant le bureau de jugement :<\/p>\n<p>soit, verbalement, avec \u00e9margement, \u00e0 l&rsquo;issue de la s\u00e9ance devant le bureau de conciliation,<\/p>\n<p>soit, par lettre recommand\u00e9e avec accus\u00e9 de r\u00e9ception.<\/p>\n<h3>D\u00e9cisions<\/h3>\n<p>Le bureau de jugement peut :<\/p>\n<p>constater un accord amiable,<\/p>\n<p>d\u00e9signer un conseiller rapporteur, pour r\u00e9unir les \u00e9l\u00e9ments d&rsquo;information qui lui manqueraient,<\/p>\n<p>juger tout de suite,<\/p>\n<p>indiquer la date \u00e0 laquelle le jugement sera ult\u00e9rieurement rendu.<\/p>\n<p>Les d\u00e9cisions sont prises \u00e0 la majorit\u00e9 absolue des voix ; s&rsquo;il y a d\u00e9saccord entre les conseillers, l&rsquo;affaire est renvoy\u00e9e \u00e0 une audience ult\u00e9rieure pr\u00e9sid\u00e9e par un juge d&rsquo;instance.<\/p>\n<h1>Contestation du jugement<\/h1>\n<p>Il peut \u00eatre fait appel du jugement devant la cour d&rsquo;appel, dans le mois suivant la notification du jugement, \u00e0 condition que la valeur totale des pr\u00e9tentions soit sup\u00e9rieure \u00e0 5.000 \u20ac .<\/p>\n<p>Les litiges dont le montant est inf\u00e9rieur \u00e0 5.000 \u20ac ne sont pas susceptibles d&rsquo;appel ; seul un pourvoi en cassation devant la cour de cassation est possible.<\/p>\n<p><em>Source : Service-Public.fr<\/em><\/p>\n<div id=\"blocTitrePage\" class=\"N20\"><\/div>\n<div id=\"colonne21\"><\/div>\n","protected":false},"excerpt":{"rendered":"<p>Principe Le conseil de prud&rsquo;hommes est charg\u00e9 de r\u00e9gler les conflits individuels entre employeurs et salari\u00e9s li\u00e9s au contrat de travail ou d&rsquo;apprentissage. Le conseil des prud&rsquo;hommes peut \u00eatre saisi \u00e0 tout moment tant que les d\u00e9lais de prescription ne sont pas \u00e9puis\u00e9s. La proc\u00e9dure d\u00e9bute par une proc\u00e9dure de conciliation, qui vise \u00e0 trouver [&hellip;]<\/p>\n","protected":false},"author":1,"featured_media":0,"parent":0,"menu_order":0,"comment_status":"closed","ping_status":"closed","template":"","meta":[],"yoast_head":"<!-- This site is optimized with the Yoast SEO plugin v20.3 - https:\/\/yoast.com\/wordpress\/plugins\/seo\/ -->\n<title>Conseil de prud&#039;hommes : d\u00e9roulement d&#039;une affaire - Ma\u00eetre SERRANO, Avocat en Droit du Travail<\/title>\n<meta name=\"robots\" content=\"index, follow, max-snippet:-1, max-image-preview:large, max-video-preview:-1\" \/>\n<link rel=\"canonical\" href=\"https:\/\/www.avocat-serrano.fr\/index.php\/conseil-de-prudhommes-deroulement-dune-affaire\/\" \/>\n<meta property=\"og:locale\" content=\"fr_FR\" \/>\n<meta property=\"og:type\" content=\"article\" \/>\n<meta property=\"og:title\" content=\"Conseil de prud&#039;hommes : d\u00e9roulement d&#039;une affaire - Ma\u00eetre SERRANO, Avocat en Droit du Travail\" \/>\n<meta property=\"og:description\" content=\"Principe Le conseil de prud&rsquo;hommes est charg\u00e9 de r\u00e9gler les conflits individuels entre employeurs et salari\u00e9s li\u00e9s au contrat de travail ou d&rsquo;apprentissage. Le conseil des prud&rsquo;hommes peut \u00eatre saisi \u00e0 tout moment tant que les d\u00e9lais de prescription ne sont pas \u00e9puis\u00e9s. La proc\u00e9dure d\u00e9bute par une proc\u00e9dure de conciliation, qui vise \u00e0 trouver [&hellip;]\" \/>\n<meta property=\"og:url\" content=\"https:\/\/www.avocat-serrano.fr\/index.php\/conseil-de-prudhommes-deroulement-dune-affaire\/\" \/>\n<meta property=\"og:site_name\" content=\"Ma\u00eetre SERRANO, Avocat en Droit du Travail\" \/>\n<meta property=\"article:modified_time\" content=\"2022-02-07T10:43:54+00:00\" \/>\n<meta name=\"twitter:card\" content=\"summary_large_image\" \/>\n<meta name=\"twitter:label1\" content=\"Dur\u00e9e de lecture estim\u00e9e\" \/>\n\t<meta name=\"twitter:data1\" content=\"4 minutes\" \/>\n<script type=\"application\/ld+json\" class=\"yoast-schema-graph\">{\"@context\":\"https:\/\/schema.org\",\"@graph\":[{\"@type\":\"WebPage\",\"@id\":\"https:\/\/www.avocat-serrano.fr\/index.php\/conseil-de-prudhommes-deroulement-dune-affaire\/\",\"url\":\"https:\/\/www.avocat-serrano.fr\/index.php\/conseil-de-prudhommes-deroulement-dune-affaire\/\",\"name\":\"Conseil de prud'hommes : d\u00e9roulement d'une affaire - Ma\u00eetre SERRANO, Avocat en Droit du Travail\",\"isPartOf\":{\"@id\":\"http:\/\/www.avocat-serrano.fr\/#website\"},\"datePublished\":\"2018-01-24T15:51:55+00:00\",\"dateModified\":\"2022-02-07T10:43:54+00:00\",\"breadcrumb\":{\"@id\":\"https:\/\/www.avocat-serrano.fr\/index.php\/conseil-de-prudhommes-deroulement-dune-affaire\/#breadcrumb\"},\"inLanguage\":\"fr-FR\",\"potentialAction\":[{\"@type\":\"ReadAction\",\"target\":[\"https:\/\/www.avocat-serrano.fr\/index.php\/conseil-de-prudhommes-deroulement-dune-affaire\/\"]}]},{\"@type\":\"BreadcrumbList\",\"@id\":\"https:\/\/www.avocat-serrano.fr\/index.php\/conseil-de-prudhommes-deroulement-dune-affaire\/#breadcrumb\",\"itemListElement\":[{\"@type\":\"ListItem\",\"position\":1,\"name\":\"Accueil\",\"item\":\"http:\/\/www.avocat-serrano.fr\/\"},{\"@type\":\"ListItem\",\"position\":2,\"name\":\"Conseil de prud&rsquo;hommes : d\u00e9roulement d&rsquo;une affaire\"}]},{\"@type\":\"WebSite\",\"@id\":\"http:\/\/www.avocat-serrano.fr\/#website\",\"url\":\"http:\/\/www.avocat-serrano.fr\/\",\"name\":\"Ma\u00eetre SERRANO, Avocat en Droit du Travail\",\"description\":\"\",\"potentialAction\":[{\"@type\":\"SearchAction\",\"target\":{\"@type\":\"EntryPoint\",\"urlTemplate\":\"http:\/\/www.avocat-serrano.fr\/?s={search_term_string}\"},\"query-input\":\"required name=search_term_string\"}],\"inLanguage\":\"fr-FR\"}]}<\/script>\n<!-- \/ Yoast SEO plugin. -->","yoast_head_json":{"title":"Conseil de prud'hommes : d\u00e9roulement d'une affaire - Ma\u00eetre SERRANO, Avocat en Droit du Travail","robots":{"index":"index","follow":"follow","max-snippet":"max-snippet:-1","max-image-preview":"max-image-preview:large","max-video-preview":"max-video-preview:-1"},"canonical":"https:\/\/www.avocat-serrano.fr\/index.php\/conseil-de-prudhommes-deroulement-dune-affaire\/","og_locale":"fr_FR","og_type":"article","og_title":"Conseil de prud'hommes : d\u00e9roulement d'une affaire - Ma\u00eetre SERRANO, Avocat en Droit du Travail","og_description":"Principe Le conseil de prud&rsquo;hommes est charg\u00e9 de r\u00e9gler les conflits individuels entre employeurs et salari\u00e9s li\u00e9s au contrat de travail ou d&rsquo;apprentissage. Le conseil des prud&rsquo;hommes peut \u00eatre saisi \u00e0 tout moment tant que les d\u00e9lais de prescription ne sont pas \u00e9puis\u00e9s. La proc\u00e9dure d\u00e9bute par une proc\u00e9dure de conciliation, qui vise \u00e0 trouver [&hellip;]","og_url":"https:\/\/www.avocat-serrano.fr\/index.php\/conseil-de-prudhommes-deroulement-dune-affaire\/","og_site_name":"Ma\u00eetre SERRANO, Avocat en Droit du Travail","article_modified_time":"2022-02-07T10:43:54+00:00","twitter_card":"summary_large_image","twitter_misc":{"Dur\u00e9e de lecture estim\u00e9e":"4 minutes"},"schema":{"@context":"https:\/\/schema.org","@graph":[{"@type":"WebPage","@id":"https:\/\/www.avocat-serrano.fr\/index.php\/conseil-de-prudhommes-deroulement-dune-affaire\/","url":"https:\/\/www.avocat-serrano.fr\/index.php\/conseil-de-prudhommes-deroulement-dune-affaire\/","name":"Conseil de prud'hommes : d\u00e9roulement d'une affaire - Ma\u00eetre SERRANO, Avocat en Droit du Travail","isPartOf":{"@id":"http:\/\/www.avocat-serrano.fr\/#website"},"datePublished":"2018-01-24T15:51:55+00:00","dateModified":"2022-02-07T10:43:54+00:00","breadcrumb":{"@id":"https:\/\/www.avocat-serrano.fr\/index.php\/conseil-de-prudhommes-deroulement-dune-affaire\/#breadcrumb"},"inLanguage":"fr-FR","potentialAction":[{"@type":"ReadAction","target":["https:\/\/www.avocat-serrano.fr\/index.php\/conseil-de-prudhommes-deroulement-dune-affaire\/"]}]},{"@type":"BreadcrumbList","@id":"https:\/\/www.avocat-serrano.fr\/index.php\/conseil-de-prudhommes-deroulement-dune-affaire\/#breadcrumb","itemListElement":[{"@type":"ListItem","position":1,"name":"Accueil","item":"http:\/\/www.avocat-serrano.fr\/"},{"@type":"ListItem","position":2,"name":"Conseil de prud&rsquo;hommes : d\u00e9roulement d&rsquo;une affaire"}]},{"@type":"WebSite","@id":"http:\/\/www.avocat-serrano.fr\/#website","url":"http:\/\/www.avocat-serrano.fr\/","name":"Ma\u00eetre SERRANO, Avocat en Droit du Travail","description":"","potentialAction":[{"@type":"SearchAction","target":{"@type":"EntryPoint","urlTemplate":"http:\/\/www.avocat-serrano.fr\/?s={search_term_string}"},"query-input":"required name=search_term_string"}],"inLanguage":"fr-FR"}]}},"_links":{"self":[{"href":"https:\/\/www.avocat-serrano.fr\/index.php\/wp-json\/wp\/v2\/pages\/72"}],"collection":[{"href":"https:\/\/www.avocat-serrano.fr\/index.php\/wp-json\/wp\/v2\/pages"}],"about":[{"href":"https:\/\/www.avocat-serrano.fr\/index.php\/wp-json\/wp\/v2\/types\/page"}],"author":[{"embeddable":true,"href":"https:\/\/www.avocat-serrano.fr\/index.php\/wp-json\/wp\/v2\/users\/1"}],"replies":[{"embeddable":true,"href":"https:\/\/www.avocat-serrano.fr\/index.php\/wp-json\/wp\/v2\/comments?post=72"}],"version-history":[{"count":2,"href":"https:\/\/www.avocat-serrano.fr\/index.php\/wp-json\/wp\/v2\/pages\/72\/revisions"}],"predecessor-version":[{"id":169,"href":"https:\/\/www.avocat-serrano.fr\/index.php\/wp-json\/wp\/v2\/pages\/72\/revisions\/169"}],"wp:attachment":[{"href":"https:\/\/www.avocat-serrano.fr\/index.php\/wp-json\/wp\/v2\/media?parent=72"}],"curies":[{"name":"wp","href":"https:\/\/api.w.org\/{rel}","templated":true}]}}