{"id":69,"date":"2018-01-24T16:50:27","date_gmt":"2018-01-24T15:50:27","guid":{"rendered":"http:\/\/www.avocat-serrano.fr\/beta\/?page_id=69"},"modified":"2018-02-10T07:39:27","modified_gmt":"2018-02-10T06:39:27","slug":"droit-du-travail","status":"publish","type":"page","link":"https:\/\/www.avocat-serrano.fr\/index.php\/droit-du-travail\/","title":{"rendered":"Droit du travail"},"content":{"rendered":"<h1>Saisine du conseil des prud&rsquo;hommes<\/h1>\n<p>Il est tr\u00e8s important de chercher du conseil avant que ce ne soit trop tard.<\/p>\n<p>Consultez le plus vite possible un professionnel, il n&rsquo;est pas toujours n\u00e9cessaire d&rsquo;avoir recours au conseil des prud&rsquo;hommes. Laissez-vous conseiller pour essayer de r\u00e9gler les probl\u00e8mes autrement.<\/p>\n<p>&nbsp;<\/p>\n<h1>Principe<\/h1>\n<p>Le conseil de prud&rsquo;hommes est charg\u00e9 de r\u00e9gler les conflits individuels entre employeurs et salari\u00e9s li\u00e9s au contrat de travail ou d&rsquo;apprentissage.<\/p>\n<p>Il ne juge que si la conciliation a \u00e9chou\u00e9.<\/p>\n<h1>\nQui peut le saisir ?<\/h1>\n<p>Il peut \u00eatre saisi par l&#8217;employ\u00e9, mais aussi par l&#8217;employeur.<\/p>\n<p>Il n&rsquo;est pas n\u00e9cessaire d&rsquo;avoir un avocat.<\/p>\n<p>\u00c0 savoir : les fonctionnaires ou salari\u00e9s d&rsquo;\u00c9tat doivent s&rsquo;adresser au tribunal administratif.<\/p>\n<h1>\nCas de recours au conseil de prud&rsquo;hommes<\/h1>\n<p>Le recours au conseil de prud&rsquo;hommes est possible en cas de conflit au sujet notamment :<\/p>\n<p>du licenciement,<\/p>\n<p>d&rsquo;une sanction disciplinaire,<\/p>\n<p>du paiement du salaire ou des primes,<\/p>\n<p>de la dur\u00e9e de travail,<\/p>\n<p>des jours de repos ou de cong\u00e9,<\/p>\n<p>des conditions d&rsquo;hygi\u00e8ne et de s\u00e9curit\u00e9 du poste de travail,<\/p>\n<p>de la remise d&rsquo;attestation destin\u00e9e \u00e0 P\u00f4le emploi, ou du certificat de travail.<\/p>\n<h2>\nConseil comp\u00e9tent<\/h2>\n<p>Le salari\u00e9 doit s&rsquo;adresser au conseil de prud&rsquo;hommes :<\/p>\n<p>du lieu o\u00f9 est situ\u00e9 l&rsquo;\u00e9tablissement dans lequel il effectue son travail,<\/p>\n<p>du si\u00e8ge social de l&rsquo;entreprise qui l&#8217;emploie,<\/p>\n<p>ou du lieu de son domicile, s&rsquo;il travaille \u00e0 domicile ou en dehors de tout \u00e9tablissement.<\/p>\n","protected":false},"excerpt":{"rendered":"<p>Saisine du conseil des prud&rsquo;hommes Il est tr\u00e8s important de chercher du conseil avant que ce ne soit trop tard. Consultez le plus vite possible un professionnel, il n&rsquo;est pas toujours n\u00e9cessaire d&rsquo;avoir recours au conseil des prud&rsquo;hommes. Laissez-vous conseiller pour essayer de r\u00e9gler les probl\u00e8mes autrement. &nbsp; Principe Le conseil de prud&rsquo;hommes est charg\u00e9 [&hellip;]<\/p>\n","protected":false},"author":1,"featured_media":0,"parent":0,"menu_order":0,"comment_status":"closed","ping_status":"closed","template":"","meta":[],"yoast_head":"<!-- This site is optimized with the Yoast SEO plugin v20.3 - https:\/\/yoast.com\/wordpress\/plugins\/seo\/ -->\n<title>Droit du travail - Ma\u00eetre SERRANO, Avocat en Droit du Travail<\/title>\n<meta name=\"description\" content=\"C\u00e9cile SERRANO met ses comp\u00e9tences et son exp\u00e9rience en droit du travail \u00e0 votre service et vous offre ses services et son exp\u00e9rience pour vous accompagner dans votre proc\u00e9dure Ce site contient des informations utiles pour entamer une action aux prud\u2019hommes, par exemple lors d&#039;un licenciement pour faute.\" \/>\n<meta name=\"robots\" content=\"index, follow, max-snippet:-1, max-image-preview:large, max-video-preview:-1\" \/>\n<link rel=\"canonical\" href=\"http:\/\/www.avocat-serrano.fr\/index.php\/droit-du-travail\/\" \/>\n<meta property=\"og:locale\" content=\"fr_FR\" \/>\n<meta property=\"og:type\" content=\"article\" \/>\n<meta property=\"og:title\" content=\"Droit du travail - Ma\u00eetre SERRANO, Avocat en Droit du Travail\" \/>\n<meta property=\"og:description\" content=\"C\u00e9cile SERRANO met ses comp\u00e9tences et son exp\u00e9rience en droit du travail \u00e0 votre service et vous offre ses services et son exp\u00e9rience pour vous accompagner dans votre proc\u00e9dure Ce site contient des informations utiles pour entamer une action aux prud\u2019hommes, par exemple lors d&#039;un licenciement pour faute.\" \/>\n<meta property=\"og:url\" content=\"http:\/\/www.avocat-serrano.fr\/index.php\/droit-du-travail\/\" \/>\n<meta property=\"og:site_name\" content=\"Ma\u00eetre SERRANO, Avocat en Droit du Travail\" \/>\n<meta property=\"article:modified_time\" content=\"2018-02-10T06:39:27+00:00\" \/>\n<meta name=\"twitter:card\" content=\"summary_large_image\" \/>\n<meta name=\"twitter:label1\" content=\"Dur\u00e9e de lecture estim\u00e9e\" \/>\n\t<meta name=\"twitter:data1\" content=\"1 minute\" \/>\n<script type=\"application\/ld+json\" class=\"yoast-schema-graph\">{\"@context\":\"https:\/\/schema.org\",\"@graph\":[{\"@type\":\"WebPage\",\"@id\":\"http:\/\/www.avocat-serrano.fr\/index.php\/droit-du-travail\/\",\"url\":\"http:\/\/www.avocat-serrano.fr\/index.php\/droit-du-travail\/\",\"name\":\"Droit du travail - Ma\u00eetre SERRANO, Avocat en Droit du Travail\",\"isPartOf\":{\"@id\":\"http:\/\/www.avocat-serrano.fr\/#website\"},\"datePublished\":\"2018-01-24T15:50:27+00:00\",\"dateModified\":\"2018-02-10T06:39:27+00:00\",\"description\":\"C\u00e9cile SERRANO met ses comp\u00e9tences et son exp\u00e9rience en droit du travail \u00e0 votre service et vous offre ses services et son exp\u00e9rience pour vous accompagner dans votre proc\u00e9dure Ce site contient des informations utiles pour entamer une action aux prud\u2019hommes, par exemple lors d'un licenciement pour faute.\",\"breadcrumb\":{\"@id\":\"http:\/\/www.avocat-serrano.fr\/index.php\/droit-du-travail\/#breadcrumb\"},\"inLanguage\":\"fr-FR\",\"potentialAction\":[{\"@type\":\"ReadAction\",\"target\":[\"http:\/\/www.avocat-serrano.fr\/index.php\/droit-du-travail\/\"]}]},{\"@type\":\"BreadcrumbList\",\"@id\":\"http:\/\/www.avocat-serrano.fr\/index.php\/droit-du-travail\/#breadcrumb\",\"itemListElement\":[{\"@type\":\"ListItem\",\"position\":1,\"name\":\"Accueil\",\"item\":\"http:\/\/www.avocat-serrano.fr\/\"},{\"@type\":\"ListItem\",\"position\":2,\"name\":\"Droit du travail\"}]},{\"@type\":\"WebSite\",\"@id\":\"http:\/\/www.avocat-serrano.fr\/#website\",\"url\":\"http:\/\/www.avocat-serrano.fr\/\",\"name\":\"Ma\u00eetre SERRANO, Avocat en Droit du Travail\",\"description\":\"\",\"potentialAction\":[{\"@type\":\"SearchAction\",\"target\":{\"@type\":\"EntryPoint\",\"urlTemplate\":\"http:\/\/www.avocat-serrano.fr\/?s={search_term_string}\"},\"query-input\":\"required name=search_term_string\"}],\"inLanguage\":\"fr-FR\"}]}<\/script>\n<!-- \/ Yoast SEO plugin. -->","yoast_head_json":{"title":"Droit du travail - Ma\u00eetre SERRANO, Avocat en Droit du Travail","description":"C\u00e9cile SERRANO met ses comp\u00e9tences et son exp\u00e9rience en droit du travail \u00e0 votre service et vous offre ses services et son exp\u00e9rience pour vous accompagner dans votre proc\u00e9dure Ce site contient des informations utiles pour entamer une action aux prud\u2019hommes, par exemple lors d'un licenciement pour faute.","robots":{"index":"index","follow":"follow","max-snippet":"max-snippet:-1","max-image-preview":"max-image-preview:large","max-video-preview":"max-video-preview:-1"},"canonical":"http:\/\/www.avocat-serrano.fr\/index.php\/droit-du-travail\/","og_locale":"fr_FR","og_type":"article","og_title":"Droit du travail - Ma\u00eetre SERRANO, Avocat en Droit du Travail","og_description":"C\u00e9cile SERRANO met ses comp\u00e9tences et son exp\u00e9rience en droit du travail \u00e0 votre service et vous offre ses services et son exp\u00e9rience pour vous accompagner dans votre proc\u00e9dure Ce site contient des informations utiles pour entamer une action aux prud\u2019hommes, par exemple lors d'un licenciement pour faute.","og_url":"http:\/\/www.avocat-serrano.fr\/index.php\/droit-du-travail\/","og_site_name":"Ma\u00eetre SERRANO, Avocat en Droit du Travail","article_modified_time":"2018-02-10T06:39:27+00:00","twitter_card":"summary_large_image","twitter_misc":{"Dur\u00e9e de lecture estim\u00e9e":"1 minute"},"schema":{"@context":"https:\/\/schema.org","@graph":[{"@type":"WebPage","@id":"http:\/\/www.avocat-serrano.fr\/index.php\/droit-du-travail\/","url":"http:\/\/www.avocat-serrano.fr\/index.php\/droit-du-travail\/","name":"Droit du travail - Ma\u00eetre SERRANO, Avocat en Droit du Travail","isPartOf":{"@id":"http:\/\/www.avocat-serrano.fr\/#website"},"datePublished":"2018-01-24T15:50:27+00:00","dateModified":"2018-02-10T06:39:27+00:00","description":"C\u00e9cile SERRANO met ses comp\u00e9tences et son exp\u00e9rience en droit du travail \u00e0 votre service et vous offre ses services et son exp\u00e9rience pour vous accompagner dans votre proc\u00e9dure Ce site contient des informations utiles pour entamer une action aux prud\u2019hommes, par exemple lors d'un licenciement pour faute.","breadcrumb":{"@id":"http:\/\/www.avocat-serrano.fr\/index.php\/droit-du-travail\/#breadcrumb"},"inLanguage":"fr-FR","potentialAction":[{"@type":"ReadAction","target":["http:\/\/www.avocat-serrano.fr\/index.php\/droit-du-travail\/"]}]},{"@type":"BreadcrumbList","@id":"http:\/\/www.avocat-serrano.fr\/index.php\/droit-du-travail\/#breadcrumb","itemListElement":[{"@type":"ListItem","position":1,"name":"Accueil","item":"http:\/\/www.avocat-serrano.fr\/"},{"@type":"ListItem","position":2,"name":"Droit du travail"}]},{"@type":"WebSite","@id":"http:\/\/www.avocat-serrano.fr\/#website","url":"http:\/\/www.avocat-serrano.fr\/","name":"Ma\u00eetre SERRANO, Avocat en Droit du Travail","description":"","potentialAction":[{"@type":"SearchAction","target":{"@type":"EntryPoint","urlTemplate":"http:\/\/www.avocat-serrano.fr\/?s={search_term_string}"},"query-input":"required name=search_term_string"}],"inLanguage":"fr-FR"}]}},"_links":{"self":[{"href":"https:\/\/www.avocat-serrano.fr\/index.php\/wp-json\/wp\/v2\/pages\/69"}],"collection":[{"href":"https:\/\/www.avocat-serrano.fr\/index.php\/wp-json\/wp\/v2\/pages"}],"about":[{"href":"https:\/\/www.avocat-serrano.fr\/index.php\/wp-json\/wp\/v2\/types\/page"}],"author":[{"embeddable":true,"href":"https:\/\/www.avocat-serrano.fr\/index.php\/wp-json\/wp\/v2\/users\/1"}],"replies":[{"embeddable":true,"href":"https:\/\/www.avocat-serrano.fr\/index.php\/wp-json\/wp\/v2\/comments?post=69"}],"version-history":[{"count":1,"href":"https:\/\/www.avocat-serrano.fr\/index.php\/wp-json\/wp\/v2\/pages\/69\/revisions"}],"predecessor-version":[{"id":71,"href":"https:\/\/www.avocat-serrano.fr\/index.php\/wp-json\/wp\/v2\/pages\/69\/revisions\/71"}],"wp:attachment":[{"href":"https:\/\/www.avocat-serrano.fr\/index.php\/wp-json\/wp\/v2\/media?parent=69"}],"curies":[{"name":"wp","href":"https:\/\/api.w.org\/{rel}","templated":true}]}}